{"id":224,"date":"2020-12-01T15:57:53","date_gmt":"2020-12-01T14:57:53","guid":{"rendered":"https:\/\/freedogsconsulting.com\/?page_id=224"},"modified":"2022-06-23T13:03:19","modified_gmt":"2022-06-23T11:03:19","slug":"about-us","status":"publish","type":"page","link":"https:\/\/freedogsconsulting.com\/it\/about-us\/","title":{"rendered":"Chi siamo"},"content":{"rendered":"<div  data-label=\"Features\" data-id=\"features--1\" data-export-id=\"features-12-card\" data-category=\"features\" class=\"features-12-card content-section content-section-spacing\" id=\"features-1\" style=\"background-color: rgb(255, 255, 255);\"><div  class=\"gridContainer\"> <div  class=\"row text-center\"><div  class=\"section-title-col\" data-type=\"column\"> <h2  class=\"\">Non siamo una Societ\u00e0, siamo un Network<\/h2> <p  class=\"lead\">La Free Dogs Consulting \u00e8 stata fondanta nel 2020 da un gruppo di consulenti appassionati di SAP e tecnologia provenienti da differenti societ\u00e0 e background. La Free Dogs Consulting non \u00e8 una societ\u00e0 e pertanto non offre o vende servizi di consulenza direttamente. \n<br ><br >La mission di Free Dogs Consulting \u00e8 fornire soluzioni e aiutare altri consulenti o societ\u00e0 meno esperte nei loro progetti di implementazione. Come Network offriamo servizi di \"How to\" e possiamo fornire suggerimenti al fine di aiutarvi nel raggiungimento degli obiettivi progettuali.\n<br ><br >Sogniamo un mondo dove i clienti possano essere veramente felici di aver scelto SAP come strumento di gestione del proprio business.<\/p><\/div> <\/div> <div  class=\"row spaced-cols\" data-type=\"row\"> <div  class=\"col-sm-6 col-md-12\"> <div  class=\"card row-card\"> <div  class=\"row\"> <div  class=\"col-sm-fit icon-column\"> <i  class=\"fa icon fa-handshake-o bordered round color1\"><\/i> <\/div> <div  class=\"col-sm\" data-type=\"column\"> <h5  class=\"color2\"><span  style=\"color: rgb(76, 162, 203); font-weight: 600;\">Servizi per i clienti SAP<\/span><\/h5> <p  class=\"\">Non tutti i consulenti sono bravi e non tutte le societ\u00e0 sono buone. Se avete un qualsiasi problema o dubbio, non esitate a contattarci. Vi forniremo una valutazione gratuita della soluzioni proposte dai vostri consulenti e\/o partner di implementazione.<\/p><\/div> <\/div><\/div> <\/div> <div  class=\"col-sm-6 col-md-12\"> <div  class=\"card row-card\"> <div  class=\"row\"> <div  class=\"col-sm-fit icon-column\"> <i  class=\"fa icon fa-address-card-o bordered round color1\"><\/i> <\/div> <div  class=\"col-sm\" data-type=\"column\"> <h5  class=\"color2\"><span  style=\"color: rgb(76, 162, 203); font-weight: 600;\">Servizi per i Consulenti SAP<\/span><\/h5> <p  class=\"\">Se sei un consulente o uno sviluppatore, puoi chiederci un suggerimento o un \"how to\" per risolvere i vostri problemi sia da un punto di vista tecnico che funzionale.\n<\/p><\/div> <\/div><\/div> <\/div> <div  class=\"col-sm-6 col-md-12\"> <div  class=\"card row-card\"> <div  class=\"row\"> <div  class=\"col-sm-fit icon-column\"> <i  class=\"fa icon fa-dollar bordered round color1\"><\/i> <\/div> <div  class=\"col-sm\" data-type=\"column\"> <h5  class=\"color2\"><span  style=\"color: rgb(76, 162, 203); font-weight: 600;\">Servizi a Pagamento<\/span><\/h5> <p  class=\"\">I nostri Free Dogs possono essere assunti per risolvere un problema. Noi non vendiamo servizi, ma possiamo mettervi in contatto con i consulenti o le loro societ\u00e0 per regolarizzare contrattualmente il lavoro.<\/p><\/div> <\/div><\/div> <\/div> <\/div> <\/div><\/div>","protected":false},"excerpt":{"rendered":"<p>We are not a Company, We are a Network Free Dogs Consulting was founded in 2020 by a group of consultants passionate about SAP and technologies from different companies and backgrounds. Free Dogs Consulting is not a company and therefore does not offer \/ sell consulting services directly. Free Dogs Consulting\u2019s mission is to provide&hellip; <br \/> <a class=\"read-more\" href=\"https:\/\/freedogsconsulting.com\/it\/about-us\/\">Leggi tutto<\/a><\/p>","protected":false},"author":3,"featured_media":0,"parent":0,"menu_order":0,"comment_status":"closed","ping_status":"closed","template":"pro\/page-templates\/full-width-page.php","meta":{"_monsterinsights_skip_tracking":false,"_monsterinsights_sitenote_active":false,"_monsterinsights_sitenote_note":"","_monsterinsights_sitenote_category":0,"_uf_show_specific_survey":0,"_uf_disable_surveys":false,"footnotes":"","_links_to":"","_links_to_target":""},"class_list":["post-224","page","type-page","status-publish","hentry"],"aioseo_notices":[],"_links":{"self":[{"href":"https:\/\/freedogsconsulting.com\/it\/wp-json\/wp\/v2\/pages\/224","targetHints":{"allow":["GET"]}}],"collection":[{"href":"https:\/\/freedogsconsulting.com\/it\/wp-json\/wp\/v2\/pages"}],"about":[{"href":"https:\/\/freedogsconsulting.com\/it\/wp-json\/wp\/v2\/types\/page"}],"author":[{"embeddable":true,"href":"https:\/\/freedogsconsulting.com\/it\/wp-json\/wp\/v2\/users\/3"}],"replies":[{"embeddable":true,"href":"https:\/\/freedogsconsulting.com\/it\/wp-json\/wp\/v2\/comments?post=224"}],"version-history":[{"count":7,"href":"https:\/\/freedogsconsulting.com\/it\/wp-json\/wp\/v2\/pages\/224\/revisions"}],"predecessor-version":[{"id":382,"href":"https:\/\/freedogsconsulting.com\/it\/wp-json\/wp\/v2\/pages\/224\/revisions\/382"}],"wp:attachment":[{"href":"https:\/\/freedogsconsulting.com\/it\/wp-json\/wp\/v2\/media?parent=224"}],"curies":[{"name":"wp","href":"https:\/\/api.w.org\/{rel}","templated":true}]}}